{"id":144,"date":"2023-08-29T11:13:13","date_gmt":"2023-08-29T11:13:13","guid":{"rendered":"http:\/\/www.gamancatering.com\/?page_id=144"},"modified":"2023-10-01T20:05:11","modified_gmt":"2023-10-01T20:05:11","slug":"contacto","status":"publish","type":"page","link":"http:\/\/www.gamancatering.com\/?page_id=144","title":{"rendered":"Contacto"},"content":{"rendered":"\n<div class=\"wp-block-cover alignfull has-parallax is-repeated\" style=\"min-height:293px;aspect-ratio:unset;\"><span aria-hidden=\"true\" class=\"wp-block-cover__background has-background-dim\"><\/span><div role=\"img\" class=\"wp-block-cover__image-background wp-image-174 has-parallax is-repeated\" style=\"background-position:51% 61%;background-image:url(http:\/\/www.gamancatering.com\/wp-content\/uploads\/2023\/08\/DSC_1679-scaled.jpg)\"><\/div><div class=\"wp-block-cover__inner-container is-layout-flow wp-block-cover-is-layout-flow\">\n<p class=\"has-text-align-center has-large-font-size\">CONTACTO<\/p>\n<\/div><\/div>\n\n\n\n<div class=\"wp-block-columns is-layout-flex wp-container-core-columns-is-layout-28f84493 wp-block-columns-is-layout-flex\">\n<div class=\"wp-block-column is-vertically-aligned-top is-layout-flow wp-block-column-is-layout-flow\" style=\"flex-basis:33.33%\">\n<h2 class=\"wp-block-heading alignfull has-x-large-font-size\">Cont\u00e1ctanos<\/h2>\n\n\n\n<p class=\"has-medium-font-size\">Escr\u00edbenos para obtener tu presupuesto totalmente gratuito y sin compromiso.<\/p>\n\n\n\n<p class=\"has-medium-font-size\"><strong>Whatsapp<\/strong>: 603 02 60 04<br><strong>Correo<\/strong>: eventos@gamancatering.com<br><strong>Instagram<\/strong>: @gamansushieventos<br><strong>Facebook<\/strong>: Gaman Sushi<br><strong>Bodas.net<\/strong>: Gaman sushi <\/p>\n<\/div>\n\n\n\n<div class=\"wp-block-column is-vertically-aligned-center is-layout-flow wp-block-column-is-layout-flow\" style=\"flex-basis:66.66%\">\n<h2 class=\"wp-block-heading\">Rellena los siguientes datos para solicitar tu presupuesto<\/h2>\n\n\n<style id=\"wpforms-css-vars-180-block-b391430d-120f-4c42-9127-0979b6443741\">\n\t\t\t\t#wpforms-180.wpforms-block-b391430d-120f-4c42-9127-0979b6443741 {\n\t\t\t\t--wpforms-button-background-color: var(--ast-global-color-4);\n\t\t\t}\n\t\t\t<\/style><div class=\"wpforms-container wpforms-container-full wpforms-block wpforms-block-b391430d-120f-4c42-9127-0979b6443741 wpforms-render-modern\" id=\"wpforms-180\"><form id=\"wpforms-form-180\" class=\"wpforms-validate wpforms-form wpforms-ajax-form\" data-formid=\"180\" method=\"post\" enctype=\"multipart\/form-data\" action=\"\/index.php?rest_route=%2Fwp%2Fv2%2Fpages%2F144\" data-token=\"4052a6e5284e69665883fcaa4a89fdba\" data-token-time=\"1776439463\"><noscript class=\"wpforms-error-noscript\">Por favor, activa JavaScript en tu navegador para completar este formulario.<\/noscript><div id=\"wpforms-error-noscript\" style=\"display: none;\">Por favor, activa JavaScript en tu navegador para completar este formulario.<\/div><div class=\"wpforms-field-container\"><div id=\"wpforms-180-field_0-container\" class=\"wpforms-field wpforms-field-name\" data-field-id=\"0\"><fieldset><legend class=\"wpforms-field-label wpforms-label-hide\" aria-hidden=\"false\">Nombre <span class=\"wpforms-required-label\" aria-hidden=\"true\">*<\/span><\/legend><div class=\"wpforms-field-row wpforms-field-medium\"><div class=\"wpforms-field-row-block wpforms-first wpforms-one-half\"><input type=\"text\" id=\"wpforms-180-field_0\" class=\"wpforms-field-name-first wpforms-field-required\" name=\"wpforms[fields][0][first]\" placeholder=\"Nombre\" aria-errormessage=\"wpforms-180-field_0-error\" required><label for=\"wpforms-180-field_0\" class=\"wpforms-field-sublabel after wpforms-sublabel-hide\">Nombre<\/label><\/div><div class=\"wpforms-field-row-block wpforms-one-half\"><input type=\"text\" id=\"wpforms-180-field_0-last\" class=\"wpforms-field-name-last wpforms-field-required\" name=\"wpforms[fields][0][last]\" placeholder=\"Apellido\" aria-errormessage=\"wpforms-180-field_0-last-error\" required><label for=\"wpforms-180-field_0-last\" class=\"wpforms-field-sublabel after wpforms-sublabel-hide\">Apellidos<\/label><\/div><\/div><\/fieldset><\/div><div id=\"wpforms-180-field_9-container\" class=\"wpforms-field wpforms-field-textarea\" data-field-id=\"9\"><label class=\"wpforms-field-label wpforms-label-hide\" for=\"wpforms-180-field_9\" aria-hidden=\"false\">Tel\u00e9fono  <span class=\"wpforms-required-label\" aria-hidden=\"true\">*<\/span><\/label><textarea id=\"wpforms-180-field_9\" class=\"wpforms-field-medium wpforms-field-required\" name=\"wpforms[fields][9]\" placeholder=\"Tel\u00e9fono\" aria-errormessage=\"wpforms-180-field_9-error\" required><\/textarea><\/div><div id=\"wpforms-180-field_17-container\" class=\"wpforms-field wpforms-field-select wpforms-field-select-style-classic\" data-field-id=\"17\"><label class=\"wpforms-field-label wpforms-label-hide\" for=\"wpforms-180-field_17\" aria-hidden=\"false\">Desplegable <span class=\"wpforms-required-label\" aria-hidden=\"true\">*<\/span><\/label><select id=\"wpforms-180-field_17\" class=\"wpforms-field-medium wpforms-field-required\" name=\"wpforms[fields][17]\" required=\"required\"><option value=\"\" class=\"placeholder\" disabled  selected='selected'>Tipo de evento<\/option><option value=\"Boda\"  class=\"choice-10 depth-1\"  >Boda<\/option><option value=\"Comuni\u00f3n\"  class=\"choice-5 depth-1\"  >Comuni\u00f3n<\/option><option value=\"Bautizo\"  class=\"choice-6 depth-1\"  >Bautizo<\/option><option value=\"Cumplea\u00f1os\"  class=\"choice-7 depth-1\"  >Cumplea\u00f1os<\/option><option value=\"Reuni\u00f3n de empresa\"  class=\"choice-8 depth-1\"  >Reuni\u00f3n de empresa<\/option><option value=\"Otros\"  class=\"choice-9 depth-1\"  >Otros<\/option><\/select><\/div><div id=\"wpforms-180-field_10-container\" class=\"wpforms-field wpforms-field-textarea\" data-field-id=\"10\"><label class=\"wpforms-field-label wpforms-label-hide\" for=\"wpforms-180-field_10\" aria-hidden=\"false\">Fecha del evento <span class=\"wpforms-required-label\" aria-hidden=\"true\">*<\/span><\/label><textarea id=\"wpforms-180-field_10\" class=\"wpforms-field-medium wpforms-field-required\" name=\"wpforms[fields][10]\" placeholder=\"Fecha del evento 00\/00\/0000\" aria-errormessage=\"wpforms-180-field_10-error\" required><\/textarea><\/div><div id=\"wpforms-180-field_11-container\" class=\"wpforms-field wpforms-field-textarea\" data-field-id=\"11\"><label class=\"wpforms-field-label wpforms-label-hide\" for=\"wpforms-180-field_11\" aria-hidden=\"false\">Hora aproximada del evento <span class=\"wpforms-required-label\" aria-hidden=\"true\">*<\/span><\/label><textarea id=\"wpforms-180-field_11\" class=\"wpforms-field-medium wpforms-field-required\" name=\"wpforms[fields][11]\" placeholder=\"Hora del evento 00:00 aproximada\" aria-errormessage=\"wpforms-180-field_11-error\" required><\/textarea><\/div><div id=\"wpforms-180-field_12-container\" class=\"wpforms-field wpforms-field-textarea\" data-field-id=\"12\"><label class=\"wpforms-field-label wpforms-label-hide\" for=\"wpforms-180-field_12\" aria-hidden=\"false\">Lugar de la celebraci\u00f3n  <span class=\"wpforms-required-label\" aria-hidden=\"true\">*<\/span><\/label><textarea id=\"wpforms-180-field_12\" class=\"wpforms-field-medium wpforms-field-required\" name=\"wpforms[fields][12]\" placeholder=\"Lugar de la celebraci\u00f3n \" aria-errormessage=\"wpforms-180-field_12-error\" required><\/textarea><\/div><div id=\"wpforms-180-field_13-container\" class=\"wpforms-field wpforms-field-number\" data-field-id=\"13\"><label class=\"wpforms-field-label wpforms-label-hide\" for=\"wpforms-180-field_13\" aria-hidden=\"false\">N\u00famero de invitados <span class=\"wpforms-required-label\" aria-hidden=\"true\">*<\/span><\/label><input type=\"number\" id=\"wpforms-180-field_13\" class=\"wpforms-field-medium wpforms-field-required\" name=\"wpforms[fields][13]\" placeholder=\"N\u00ba de invitados aproximados\" step=\"any\" aria-errormessage=\"wpforms-180-field_13-error\" aria-describedby=\"wpforms-180-field_13-description\" required><div id=\"wpforms-180-field_13-description\" class=\"wpforms-field-description\">Puede ser aproximado.<\/div><\/div><div id=\"wpforms-180-field_20-container\" class=\"wpforms-field wpforms-field-text\" data-field-id=\"20\"><label class=\"wpforms-field-label wpforms-label-hide\" for=\"wpforms-180-field_20\" aria-hidden=\"false\">C\u00f3digo promocional<\/label><input type=\"text\" id=\"wpforms-180-field_20\" class=\"wpforms-field-small\" name=\"wpforms[fields][20]\" placeholder=\"C\u00f3digo promocional \" aria-errormessage=\"wpforms-180-field_20-error\" ><\/div><div id=\"wpforms-180-field_2-container\" class=\"wpforms-field wpforms-field-textarea\" data-field-id=\"2\"><label class=\"wpforms-field-label wpforms-label-hide\" for=\"wpforms-180-field_2\" aria-hidden=\"false\">Cu\u00e9ntanos todo lo que creas que necesitamos saber de tu evento o cualquier pregunta<\/label><textarea id=\"wpforms-180-field_2\" class=\"wpforms-field-medium\" name=\"wpforms[fields][2]\" placeholder=\"Cu\u00e9ntanos todo lo que creas que necesitamos saber de tu evento o cualquier pregunta que tengas\" aria-errormessage=\"wpforms-180-field_2-error\" ><\/textarea><\/div><div id=\"wpforms-180-field_16-container\" class=\"wpforms-field wpforms-field-checkbox\" data-field-id=\"16\"><fieldset><legend class=\"wpforms-field-label wpforms-label-hide\" aria-hidden=\"false\">Acepto pol\u00edticas <span class=\"wpforms-required-label\" aria-hidden=\"true\">*<\/span><\/legend><ul id=\"wpforms-180-field_16\" class=\"wpforms-field-required\"><li class=\"choice-1 depth-1\"><input type=\"checkbox\" id=\"wpforms-180-field_16_1\" name=\"wpforms[fields][16][]\" value=\"Acepto la pol\u00edtica de privacidad y el uso de datos. Nos gustar\u00eda informarle que en el proceso de proporcionarnos informaci\u00f3n a trav\u00e9s de nuestro formulario, recopilaremos ciertos datos personales y de contacto con el \u00fanico prop\u00f3sito de gestionar nuestras operaciones internas y mejorar nuestros servicios. Queremos asegurarle que estos datos se utilizar\u00e1n estrictamente con fines internos y no se compartir\u00e1n, vender\u00e1n ni divulgar\u00e1n a terceros en ninguna circunstancia.  Estos datos nos ayudar\u00e1n a mantener registros precisos de nuestros clientes y facilitar\u00e1n la comunicaci\u00f3n entre usted y nuestra empresa. Adem\u00e1s, nos permitir\u00e1n proporcionarle un servicio personalizado y eficiente.  Queremos subrayar que su privacidad y seguridad son de suma importancia para nosotros. Implementamos medidas de seguridad rigurosas para proteger sus datos de cualquier acceso no autorizado y cumplimos con todas las leyes y regulaciones de protecci\u00f3n de datos aplicables.  Si tiene alguna pregunta o inquietud sobre c\u00f3mo manejamos sus datos, no dude en ponerse en contacto con nosotros a trav\u00e9s de los detalles de contacto proporcionados en nuestro sitio web. Agradecemos su confianza en nosotros y nos comprometemos a garantizar que sus datos se utilicen de manera responsable y segura para mejorar su experiencia con nuestra empresa.\" aria-errormessage=\"wpforms-180-field_16_1-error\" required ><label class=\"wpforms-field-label-inline\" for=\"wpforms-180-field_16_1\">Acepto la pol\u00edtica de privacidad y el uso de datos. Nos gustar\u00eda informarle que en el proceso de proporcionarnos informaci\u00f3n a trav\u00e9s de nuestro formulario, recopilaremos ciertos datos personales y de contacto con el \u00fanico prop\u00f3sito de gestionar nuestras operaciones internas y mejorar nuestros servicios. Queremos asegurarle que estos datos se utilizar\u00e1n estrictamente con fines internos y no se compartir\u00e1n, vender\u00e1n ni divulgar\u00e1n a terceros en ninguna circunstancia.  Estos datos nos ayudar\u00e1n a mantener registros precisos de nuestros clientes y facilitar\u00e1n la comunicaci\u00f3n entre usted y nuestra empresa. Adem\u00e1s, nos permitir\u00e1n proporcionarle un servicio personalizado y eficiente.  Queremos subrayar que su privacidad y seguridad son de suma importancia para nosotros. Implementamos medidas de seguridad rigurosas para proteger sus datos de cualquier acceso no autorizado y cumplimos con todas las leyes y regulaciones de protecci\u00f3n de datos aplicables.  Si tiene alguna pregunta o inquietud sobre c\u00f3mo manejamos sus datos, no dude en ponerse en contacto con nosotros a trav\u00e9s de los detalles de contacto proporcionados en nuestro sitio web. Agradecemos su confianza en nosotros y nos comprometemos a garantizar que sus datos se utilicen de manera responsable y segura para mejorar su experiencia con nuestra empresa.<\/label><\/li><\/ul><\/fieldset><\/div><div id=\"wpforms-180-field_18-container\" class=\"wpforms-field wpforms-field-gdpr-checkbox\" data-field-id=\"18\"><label class=\"wpforms-field-label wpforms-label-hide\" aria-hidden=\"false\">Acuerdo RGPD <span class=\"wpforms-required-label\" aria-hidden=\"true\">*<\/span><\/label><ul id=\"wpforms-180-field_18\" class=\"wpforms-field-required\"><li class=\"choice-1\"><input type=\"checkbox\" id=\"wpforms-180-field_18_1\" name=\"wpforms[fields][18][]\" value=\"Doy mi consentimiento para que esta web almacene la informaci\u00f3n que env\u00edo para que puedan responder a mi petici\u00f3n.\" aria-errormessage=\"wpforms-180-field_18_1-error\" required ><label class=\"wpforms-field-label-inline\" for=\"wpforms-180-field_18_1\">Doy mi consentimiento para que esta web almacene la informaci\u00f3n que env\u00edo para que puedan responder a mi petici\u00f3n. <span class=\"wpforms-required-label\" aria-hidden=\"true\">*<\/span><\/label><\/li><\/ul><\/div><\/div><!-- .wpforms-field-container --><div class=\"wpforms-recaptcha-container wpforms-is-recaptcha wpforms-is-recaptcha-type-v2\" ><div class=\"g-recaptcha\" data-sitekey=\"6Lf0mmooAAAAAEeNzHpmKTLq35MewlvdgP0JVkUh\"><\/div><input type=\"text\" name=\"g-recaptcha-hidden\" class=\"wpforms-recaptcha-hidden\" style=\"position:absolute!important;clip:rect(0,0,0,0)!important;height:1px!important;width:1px!important;border:0!important;overflow:hidden!important;padding:0!important;margin:0!important;\" data-rule-recaptcha=\"1\"><\/div><div class=\"wpforms-submit-container\" ><input type=\"hidden\" name=\"wpforms[id]\" value=\"180\"><input type=\"hidden\" name=\"page_title\" value=\"\"><input type=\"hidden\" name=\"page_url\" value=\"http:\/\/www.gamancatering.com\/index.php?rest_route=\/wp\/v2\/pages\/144\"><input type=\"hidden\" name=\"url_referer\" value=\"\"><button type=\"submit\" name=\"wpforms[submit]\" id=\"wpforms-submit-180\" class=\"wpforms-submit\" data-alt-text=\"Enviando...\" data-submit-text=\"Enviar\" aria-live=\"assertive\" value=\"wpforms-submit\">Enviar<\/button><img decoding=\"async\" src=\"http:\/\/www.gamancatering.com\/wp-content\/plugins\/wpforms-lite\/assets\/images\/submit-spin.svg\" class=\"wpforms-submit-spinner\" style=\"display: none;\" width=\"26\" height=\"26\" alt=\"Cargando\"><\/div><\/form><\/div>  <!-- .wpforms-container --><\/div>\n<\/div>\n","protected":false},"excerpt":{"rendered":"<p>Cont\u00e1ctanos Escr\u00edbenos para obtener tu presupuesto totalmente gratuito y sin compromiso. Whatsapp: 603 02 60 04Correo: eventos@gamancatering.comInstagram: @gamansushieventosFacebook: Gaman SushiBodas.net: Gaman sushi Rellena los siguientes datos para solicitar tu presupuesto<\/p>\n","protected":false},"author":1,"featured_media":0,"parent":0,"menu_order":0,"comment_status":"closed","ping_status":"closed","template":"","meta":{"_coblocks_attr":"","_coblocks_dimensions":"","_coblocks_responsive_height":"","_coblocks_accordion_ie_support":"","site-sidebar-layout":"default","site-content-layout":"","ast-site-content-layout":"default","site-content-style":"default","site-sidebar-style":"default","ast-global-header-display":"","ast-banner-title-visibility":"","ast-main-header-display":"","ast-hfb-above-header-display":"","ast-hfb-below-header-display":"","ast-hfb-mobile-header-display":"","site-post-title":"disabled","ast-breadcrumbs-content":"","ast-featured-img":"","footer-sml-layout":"","ast-disable-related-posts":"","theme-transparent-header-meta":"","adv-header-id-meta":"","stick-header-meta":"","header-above-stick-meta":"","header-main-stick-meta":"","header-below-stick-meta":"","astra-migrate-meta-layouts":"set","ast-page-background-enabled":"default","ast-page-background-meta":{"desktop":{"background-color":"var(--ast-global-color-4)","background-image":"","background-repeat":"repeat","background-position":"center center","background-size":"auto","background-attachment":"scroll","background-type":"","background-media":"","overlay-type":"","overlay-color":"","overlay-opacity":"","overlay-gradient":""},"tablet":{"background-color":"","background-image":"","background-repeat":"repeat","background-position":"center center","background-size":"auto","background-attachment":"scroll","background-type":"","background-media":"","overlay-type":"","overlay-color":"","overlay-opacity":"","overlay-gradient":""},"mobile":{"background-color":"","background-image":"","background-repeat":"repeat","background-position":"center center","background-size":"auto","background-attachment":"scroll","background-type":"","background-media":"","overlay-type":"","overlay-color":"","overlay-opacity":"","overlay-gradient":""}},"ast-content-background-meta":{"desktop":{"background-color":"var(--ast-global-color-5)","background-image":"","background-repeat":"repeat","background-position":"center center","background-size":"auto","background-attachment":"scroll","background-type":"","background-media":"","overlay-type":"","overlay-color":"","overlay-opacity":"","overlay-gradient":""},"tablet":{"background-color":"var(--ast-global-color-5)","background-image":"","background-repeat":"repeat","background-position":"center center","background-size":"auto","background-attachment":"scroll","background-type":"","background-media":"","overlay-type":"","overlay-color":"","overlay-opacity":"","overlay-gradient":""},"mobile":{"background-color":"var(--ast-global-color-5)","background-image":"","background-repeat":"repeat","background-position":"center center","background-size":"auto","background-attachment":"scroll","background-type":"","background-media":"","overlay-type":"","overlay-color":"","overlay-opacity":"","overlay-gradient":""}},"_joinchat":[],"footnotes":""},"class_list":["post-144","page","type-page","status-publish","hentry"],"_links":{"self":[{"href":"http:\/\/www.gamancatering.com\/index.php?rest_route=\/wp\/v2\/pages\/144","targetHints":{"allow":["GET"]}}],"collection":[{"href":"http:\/\/www.gamancatering.com\/index.php?rest_route=\/wp\/v2\/pages"}],"about":[{"href":"http:\/\/www.gamancatering.com\/index.php?rest_route=\/wp\/v2\/types\/page"}],"author":[{"embeddable":true,"href":"http:\/\/www.gamancatering.com\/index.php?rest_route=\/wp\/v2\/users\/1"}],"replies":[{"embeddable":true,"href":"http:\/\/www.gamancatering.com\/index.php?rest_route=%2Fwp%2Fv2%2Fcomments&post=144"}],"version-history":[{"count":15,"href":"http:\/\/www.gamancatering.com\/index.php?rest_route=\/wp\/v2\/pages\/144\/revisions"}],"predecessor-version":[{"id":597,"href":"http:\/\/www.gamancatering.com\/index.php?rest_route=\/wp\/v2\/pages\/144\/revisions\/597"}],"wp:attachment":[{"href":"http:\/\/www.gamancatering.com\/index.php?rest_route=%2Fwp%2Fv2%2Fmedia&parent=144"}],"curies":[{"name":"wp","href":"https:\/\/api.w.org\/{rel}","templated":true}]}}