{"id":140,"date":"2023-08-29T11:12:44","date_gmt":"2023-08-29T11:12:44","guid":{"rendered":"http:\/\/www.gamancatering.com\/?page_id=140"},"modified":"2024-11-06T16:12:57","modified_gmt":"2024-11-06T16:12:57","slug":"conocenos","status":"publish","type":"page","link":"https:\/\/www.gamancatering.com\/?page_id=140","title":{"rendered":"Con\u00f3cenos"},"content":{"rendered":"\n<div class=\"wp-block-cover alignfull is-light has-parallax is-repeated wp-duotone-unset-1\" style=\"min-height:293px;aspect-ratio:unset;\"><span aria-hidden=\"true\" class=\"wp-block-cover__background has-background-dim\" style=\"background-color:#a39579\"><\/span><div class=\"wp-block-cover__image-background wp-image-659 has-parallax is-repeated\" style=\"background-position:50% 50%;background-image:url(http:\/\/www.gamancatering.com\/wp-content\/uploads\/2024\/11\/WhatsApp-Image-2024-06-07-at-13.49.36-4.jpeg)\"><\/div><div class=\"wp-block-cover__inner-container is-layout-flow wp-block-cover-is-layout-flow\">\n<p class=\"has-text-align-center has-large-font-size\">CONOCE A NUESTRO EQUIPO<\/p>\n<\/div><\/div>\n\n\n\n<p class=\"has-text-align-center has-medium-font-size\">Gaman <strong>\u6211\u6162 <\/strong>es un concepto japon\u00e9s que significa el perseverar, a pesar de las dificultades, para tener \u00e9xito en tu cometido. Puede entenderse como una postura que se adopta frente a la vida, el resistir y seguir luchando, aunque todo indique que deber\u00edas rendirte.<br>Siguiendo este concepto, nace nuestro equipo donde queremos que cada evento sea un gran \u00e9xito y aportar a nuestros clientes un espacio \u00fanico y de calidad en sus celebraciones.<\/p>\n\n\n\n<div class=\"wp-block-columns alignwide are-vertically-aligned-center is-layout-flex wp-container-core-columns-is-layout-28f84493 wp-block-columns-is-layout-flex\">\n<div class=\"wp-block-column is-vertically-aligned-center is-layout-flow wp-block-column-is-layout-flow\">\n<figure class=\"wp-block-image size-large\"><img fetchpriority=\"high\" decoding=\"async\" width=\"1024\" height=\"685\" src=\"http:\/\/www.gamancatering.com\/wp-content\/uploads\/2023\/09\/DSC_1697-1024x685.jpg\" alt=\"\" class=\"wp-image-401\" style=\"aspect-ratio:4\/3;object-fit:cover\" srcset=\"https:\/\/www.gamancatering.com\/wp-content\/uploads\/2023\/09\/DSC_1697-1024x685.jpg 1024w, https:\/\/www.gamancatering.com\/wp-content\/uploads\/2023\/09\/DSC_1697-300x201.jpg 300w, https:\/\/www.gamancatering.com\/wp-content\/uploads\/2023\/09\/DSC_1697-768x514.jpg 768w, https:\/\/www.gamancatering.com\/wp-content\/uploads\/2023\/09\/DSC_1697-1536x1028.jpg 1536w, https:\/\/www.gamancatering.com\/wp-content\/uploads\/2023\/09\/DSC_1697-2048x1371.jpg 2048w\" sizes=\"(max-width: 1024px) 100vw, 1024px\" \/><\/figure>\n\n\n\n<h2 class=\"wp-block-heading has-text-align-center\"><br>Ra\u00fal Limones<\/h2>\n<\/div>\n\n\n\n<div class=\"wp-block-column is-vertically-aligned-center is-layout-flow wp-block-column-is-layout-flow\">\n<p class=\"has-text-align-center has-medium-font-size\">Amantes de la comida y <br>especialmente del sushi.<br>Emprendimos juntos este proyecto para ofrecer la mejor experiencia dedicada al sushi en el sector bodas y eventos.<\/p>\n<\/div>\n\n\n\n<div class=\"wp-block-column is-vertically-aligned-center is-layout-flow wp-block-column-is-layout-flow\">\n<figure class=\"wp-block-image size-large\"><img decoding=\"async\" width=\"2560\" height=\"1921\" src=\"https:\/\/www.gamancatering.com\/wp-content\/uploads\/2023\/09\/patri-edited-1-scaled.jpg\" alt=\"\" class=\"wp-image-406\" style=\"aspect-ratio:4\/3;object-fit:cover\" srcset=\"https:\/\/www.gamancatering.com\/wp-content\/uploads\/2023\/09\/patri-edited-1-scaled.jpg 2560w, https:\/\/www.gamancatering.com\/wp-content\/uploads\/2023\/09\/patri-edited-1-300x225.jpg 300w, https:\/\/www.gamancatering.com\/wp-content\/uploads\/2023\/09\/patri-edited-1-1024x768.jpg 1024w, https:\/\/www.gamancatering.com\/wp-content\/uploads\/2023\/09\/patri-edited-1-768x576.jpg 768w, https:\/\/www.gamancatering.com\/wp-content\/uploads\/2023\/09\/patri-edited-1-1536x1153.jpg 1536w, https:\/\/www.gamancatering.com\/wp-content\/uploads\/2023\/09\/patri-edited-1-2048x1537.jpg 2048w\" sizes=\"(max-width: 2560px) 100vw, 2560px\" \/><\/figure>\n\n\n\n<h2 class=\"wp-block-heading has-text-align-center\"><br>Patricia Sousa<\/h2>\n<\/div>\n<\/div>\n\n\n\n<h2 class=\"wp-block-heading has-text-align-center has-large-font-size\">\u00bfQu\u00e9 ofrecemos?<\/h2>\n\n\n\n<p class=\"has-text-align-center has-medium-font-size\">Proporcionamos un servicio exclusivo, cuidando cada detalle; montaje, decoraci\u00f3n, servicio y elecci\u00f3n de piezas.<\/p>\n\n\n\n<p class=\"has-text-align-center has-medium-font-size\">Disponemos de una gran variedad de ingredientes y nos adaptamos a al\u00e9rgicos, intolerantes, veganos y vegetarianos.<\/p>\n\n\n\n<p class=\"has-text-align-center has-medium-font-size\">Todo nuestro sushi y aperitivos se elabora justo antes del evento para conservar la calidad y frescura de la materia prima y alimentos.<\/p>\n\n\n\n<div style=\"height:100px\" aria-hidden=\"true\" class=\"wp-block-spacer\"><\/div>\n\n\n\n<p><\/p>\n","protected":false},"excerpt":{"rendered":"<p>Gaman \u6211\u6162 es un concepto japon\u00e9s que significa el perseverar, a pesar de las dificultades, para tener \u00e9xito en tu cometido. Puede entenderse como una postura que se adopta frente a la vida, el resistir y seguir luchando, aunque todo indique que deber\u00edas rendirte.Siguiendo este concepto, nace nuestro equipo donde queremos que cada evento sea [&hellip;]<\/p>\n","protected":false},"author":1,"featured_media":0,"parent":0,"menu_order":0,"comment_status":"closed","ping_status":"closed","template":"","meta":{"_coblocks_attr":"","_coblocks_dimensions":"","_coblocks_responsive_height":"","_coblocks_accordion_ie_support":"","site-sidebar-layout":"default","site-content-layout":"","ast-site-content-layout":"default","site-content-style":"default","site-sidebar-style":"default","ast-global-header-display":"","ast-banner-title-visibility":"","ast-main-header-display":"","ast-hfb-above-header-display":"","ast-hfb-below-header-display":"","ast-hfb-mobile-header-display":"","site-post-title":"disabled","ast-breadcrumbs-content":"","ast-featured-img":"","footer-sml-layout":"","ast-disable-related-posts":"","theme-transparent-header-meta":"","adv-header-id-meta":"","stick-header-meta":"","header-above-stick-meta":"","header-main-stick-meta":"","header-below-stick-meta":"","astra-migrate-meta-layouts":"set","ast-page-background-enabled":"default","ast-page-background-meta":{"desktop":{"background-color":"var(--ast-global-color-4)","background-image":"","background-repeat":"repeat","background-position":"center center","background-size":"auto","background-attachment":"scroll","background-type":"","background-media":"","overlay-type":"","overlay-color":"","overlay-opacity":"","overlay-gradient":""},"tablet":{"background-color":"","background-image":"","background-repeat":"repeat","background-position":"center center","background-size":"auto","background-attachment":"scroll","background-type":"","background-media":"","overlay-type":"","overlay-color":"","overlay-opacity":"","overlay-gradient":""},"mobile":{"background-color":"","background-image":"","background-repeat":"repeat","background-position":"center center","background-size":"auto","background-attachment":"scroll","background-type":"","background-media":"","overlay-type":"","overlay-color":"","overlay-opacity":"","overlay-gradient":""}},"ast-content-background-meta":{"desktop":{"background-color":"var(--ast-global-color-5)","background-image":"","background-repeat":"repeat","background-position":"center center","background-size":"auto","background-attachment":"scroll","background-type":"","background-media":"","overlay-type":"","overlay-color":"","overlay-opacity":"","overlay-gradient":""},"tablet":{"background-color":"var(--ast-global-color-5)","background-image":"","background-repeat":"repeat","background-position":"center center","background-size":"auto","background-attachment":"scroll","background-type":"","background-media":"","overlay-type":"","overlay-color":"","overlay-opacity":"","overlay-gradient":""},"mobile":{"background-color":"var(--ast-global-color-5)","background-image":"","background-repeat":"repeat","background-position":"center center","background-size":"auto","background-attachment":"scroll","background-type":"","background-media":"","overlay-type":"","overlay-color":"","overlay-opacity":"","overlay-gradient":""}},"_joinchat":[],"footnotes":""},"class_list":["post-140","page","type-page","status-publish","hentry"],"_links":{"self":[{"href":"https:\/\/www.gamancatering.com\/index.php?rest_route=\/wp\/v2\/pages\/140","targetHints":{"allow":["GET"]}}],"collection":[{"href":"https:\/\/www.gamancatering.com\/index.php?rest_route=\/wp\/v2\/pages"}],"about":[{"href":"https:\/\/www.gamancatering.com\/index.php?rest_route=\/wp\/v2\/types\/page"}],"author":[{"embeddable":true,"href":"https:\/\/www.gamancatering.com\/index.php?rest_route=\/wp\/v2\/users\/1"}],"replies":[{"embeddable":true,"href":"https:\/\/www.gamancatering.com\/index.php?rest_route=%2Fwp%2Fv2%2Fcomments&post=140"}],"version-history":[{"count":17,"href":"https:\/\/www.gamancatering.com\/index.php?rest_route=\/wp\/v2\/pages\/140\/revisions"}],"predecessor-version":[{"id":687,"href":"https:\/\/www.gamancatering.com\/index.php?rest_route=\/wp\/v2\/pages\/140\/revisions\/687"}],"wp:attachment":[{"href":"https:\/\/www.gamancatering.com\/index.php?rest_route=%2Fwp%2Fv2%2Fmedia&parent=140"}],"curies":[{"name":"wp","href":"https:\/\/api.w.org\/{rel}","templated":true}]}}