{"id":522,"date":"2023-09-04T17:06:25","date_gmt":"2023-09-04T17:06:25","guid":{"rendered":"https:\/\/www.gamancatering.com\/?page_id=522"},"modified":"2023-09-04T17:07:20","modified_gmt":"2023-09-04T17:07:20","slug":"nuestras-piezas","status":"publish","type":"page","link":"https:\/\/www.gamancatering.com\/?page_id=522","title":{"rendered":"Nuestras piezas"},"content":{"rendered":"\n<h2 class=\"wp-block-heading has-text-align-center has-x-large-font-size\">Nuestras piezas<\/h2>\n\n\n\n<div class=\"wp-block-columns is-layout-flex wp-container-core-columns-is-layout-28f84493 wp-block-columns-is-layout-flex\">\n<div class=\"wp-block-column is-layout-flow wp-block-column-is-layout-flow\">\n<figure class=\"wp-block-image size-full\"><img fetchpriority=\"high\" decoding=\"async\" width=\"449\" height=\"337\" src=\"https:\/\/www.gamancatering.com\/wp-content\/uploads\/2023\/09\/WhatsApp-Image-2023-08-31-at-13.12.41-1-2-edited.jpeg\" alt=\"\" class=\"wp-image-426\" style=\"aspect-ratio:4\/3;object-fit:cover\" srcset=\"https:\/\/www.gamancatering.com\/wp-content\/uploads\/2023\/09\/WhatsApp-Image-2023-08-31-at-13.12.41-1-2-edited.jpeg 449w, https:\/\/www.gamancatering.com\/wp-content\/uploads\/2023\/09\/WhatsApp-Image-2023-08-31-at-13.12.41-1-2-edited-300x225.jpeg 300w\" sizes=\"(max-width: 449px) 100vw, 449px\" \/><\/figure>\n\n\n\n<div style=\"height:7px\" aria-hidden=\"true\" class=\"wp-block-spacer\"><\/div>\n\n\n\n<h2 class=\"wp-block-heading has-text-align-center has-ast-global-color-0-background-color has-background has-medium-font-size\">Rolls<\/h2>\n\n\n\n<p class=\"has-text-align-center has-medium-font-size\">Salm\u00f3n:<br> aguacate\/mango<br>At\u00fan:<br>pepino\/aguacate\/ manzana<br>Langostino:<br>daikon\/queso\/mango<br>Surimi:<br> queso\/aguacate<br>Pollo a baja temperatura:<br> queso de cabra<br><strong>PREMIUM<\/strong><br>Corvina:<br> manzana\/daikon<\/p>\n<\/div>\n\n\n\n<div class=\"wp-block-column is-layout-flow wp-block-column-is-layout-flow\">\n<figure class=\"wp-block-image size-full\"><img decoding=\"async\" width=\"512\" height=\"384\" src=\"https:\/\/www.gamancatering.com\/wp-content\/uploads\/2023\/09\/WhatsApp-Image-2023-09-03-at-19.00.49-edited.jpeg\" alt=\"\" class=\"wp-image-428\" style=\"aspect-ratio:4\/3;object-fit:cover\" srcset=\"https:\/\/www.gamancatering.com\/wp-content\/uploads\/2023\/09\/WhatsApp-Image-2023-09-03-at-19.00.49-edited.jpeg 512w, https:\/\/www.gamancatering.com\/wp-content\/uploads\/2023\/09\/WhatsApp-Image-2023-09-03-at-19.00.49-edited-300x225.jpeg 300w\" sizes=\"(max-width: 512px) 100vw, 512px\" \/><\/figure>\n\n\n\n<div style=\"height:7px\" aria-hidden=\"true\" class=\"wp-block-spacer\"><\/div>\n\n\n\n<h2 class=\"wp-block-heading has-text-align-center has-ast-global-color-0-background-color has-background has-medium-font-size\">Makis<\/h2>\n\n\n\n<p class=\"has-text-align-center has-medium-font-size\">Salm\u00f3n <br>At\u00fan<br>Mango<br>Langostino<br>Daikon:<br>cebollino<br>Pepino<\/p>\n<\/div>\n\n\n\n<div class=\"wp-block-column is-layout-flow wp-block-column-is-layout-flow\">\n<figure class=\"wp-block-image size-full\"><img decoding=\"async\" width=\"553\" height=\"414\" src=\"https:\/\/www.gamancatering.com\/wp-content\/uploads\/2023\/09\/WhatsApp-Image-2023-08-31-at-13.11.17-edited-1.jpeg\" alt=\"\" class=\"wp-image-421\" style=\"aspect-ratio:4\/3;object-fit:cover\" srcset=\"https:\/\/www.gamancatering.com\/wp-content\/uploads\/2023\/09\/WhatsApp-Image-2023-08-31-at-13.11.17-edited-1.jpeg 553w, https:\/\/www.gamancatering.com\/wp-content\/uploads\/2023\/09\/WhatsApp-Image-2023-08-31-at-13.11.17-edited-1-300x225.jpeg 300w\" sizes=\"(max-width: 553px) 100vw, 553px\" \/><\/figure>\n\n\n\n<div style=\"height:7px\" aria-hidden=\"true\" class=\"wp-block-spacer\"><\/div>\n\n\n\n<h2 class=\"wp-block-heading has-text-align-center has-ast-global-color-0-background-color has-background has-medium-font-size\">Niguiris<\/h2>\n\n\n\n<p class=\"has-text-align-center has-medium-font-size\">Salm\u00f3n<br>At\u00fan<br>Langostino<br><strong>PREMIUM<\/strong><br>Corvina<br>Anguila<br>Magret de pato<br>Entrecot de ternera<\/p>\n<\/div>\n\n\n\n<div class=\"wp-block-column is-layout-flow wp-block-column-is-layout-flow\">\n<figure class=\"wp-block-image size-large\"><img loading=\"lazy\" decoding=\"async\" width=\"2503\" height=\"1878\" src=\"https:\/\/www.gamancatering.com\/wp-content\/uploads\/2023\/09\/DSC_1681-edited.jpg\" alt=\"\" class=\"wp-image-423\" style=\"aspect-ratio:4\/3;object-fit:cover\" srcset=\"https:\/\/www.gamancatering.com\/wp-content\/uploads\/2023\/09\/DSC_1681-edited.jpg 2503w, https:\/\/www.gamancatering.com\/wp-content\/uploads\/2023\/09\/DSC_1681-edited-300x225.jpg 300w, https:\/\/www.gamancatering.com\/wp-content\/uploads\/2023\/09\/DSC_1681-edited-1024x768.jpg 1024w, https:\/\/www.gamancatering.com\/wp-content\/uploads\/2023\/09\/DSC_1681-edited-768x576.jpg 768w, https:\/\/www.gamancatering.com\/wp-content\/uploads\/2023\/09\/DSC_1681-edited-1536x1152.jpg 1536w, https:\/\/www.gamancatering.com\/wp-content\/uploads\/2023\/09\/DSC_1681-edited-2048x1537.jpg 2048w\" sizes=\"(max-width: 2503px) 100vw, 2503px\" \/><\/figure>\n\n\n\n<div style=\"height:7px\" aria-hidden=\"true\" class=\"wp-block-spacer\"><\/div>\n\n\n\n<h2 class=\"wp-block-heading has-text-align-center has-ast-global-color-0-background-color has-background has-medium-font-size\">Tartar<\/h2>\n\n\n\n<p class=\"has-text-align-center has-medium-font-size\">Salm\u00f3n<br>At\u00fan<\/p>\n<\/div>\n<\/div>\n","protected":false},"excerpt":{"rendered":"<p>Nuestras piezas Rolls Salm\u00f3n: aguacate\/mangoAt\u00fan:pepino\/aguacate\/ manzanaLangostino:daikon\/queso\/mangoSurimi: queso\/aguacatePollo a baja temperatura: queso de cabraPREMIUMCorvina: manzana\/daikon Makis Salm\u00f3n At\u00fanMangoLangostinoDaikon:cebollinoPepino Niguiris Salm\u00f3nAt\u00fanLangostinoPREMIUMCorvinaAnguilaMagret de patoEntrecot de ternera Tartar Salm\u00f3nAt\u00fan<\/p>\n","protected":false},"author":1,"featured_media":0,"parent":0,"menu_order":0,"comment_status":"closed","ping_status":"closed","template":"","meta":{"_coblocks_attr":"","_coblocks_dimensions":"","_coblocks_responsive_height":"","_coblocks_accordion_ie_support":"","site-sidebar-layout":"default","site-content-layout":"","ast-site-content-layout":"default","site-content-style":"default","site-sidebar-style":"default","ast-global-header-display":"","ast-banner-title-visibility":"","ast-main-header-display":"","ast-hfb-above-header-display":"","ast-hfb-below-header-display":"","ast-hfb-mobile-header-display":"","site-post-title":"disabled","ast-breadcrumbs-content":"","ast-featured-img":"","footer-sml-layout":"","ast-disable-related-posts":"","theme-transparent-header-meta":"","adv-header-id-meta":"","stick-header-meta":"","header-above-stick-meta":"","header-main-stick-meta":"","header-below-stick-meta":"","astra-migrate-meta-layouts":"set","ast-page-background-enabled":"default","ast-page-background-meta":{"desktop":{"background-color":"var(--ast-global-color-4)","background-image":"","background-repeat":"repeat","background-position":"center center","background-size":"auto","background-attachment":"scroll","background-type":"","background-media":"","overlay-type":"","overlay-color":"","overlay-opacity":"","overlay-gradient":""},"tablet":{"background-color":"","background-image":"","background-repeat":"repeat","background-position":"center center","background-size":"auto","background-attachment":"scroll","background-type":"","background-media":"","overlay-type":"","overlay-color":"","overlay-opacity":"","overlay-gradient":""},"mobile":{"background-color":"","background-image":"","background-repeat":"repeat","background-position":"center center","background-size":"auto","background-attachment":"scroll","background-type":"","background-media":"","overlay-type":"","overlay-color":"","overlay-opacity":"","overlay-gradient":""}},"ast-content-background-meta":{"desktop":{"background-color":"var(--ast-global-color-5)","background-image":"","background-repeat":"repeat","background-position":"center center","background-size":"auto","background-attachment":"scroll","background-type":"","background-media":"","overlay-type":"","overlay-color":"","overlay-opacity":"","overlay-gradient":""},"tablet":{"background-color":"var(--ast-global-color-5)","background-image":"","background-repeat":"repeat","background-position":"center center","background-size":"auto","background-attachment":"scroll","background-type":"","background-media":"","overlay-type":"","overlay-color":"","overlay-opacity":"","overlay-gradient":""},"mobile":{"background-color":"var(--ast-global-color-5)","background-image":"","background-repeat":"repeat","background-position":"center center","background-size":"auto","background-attachment":"scroll","background-type":"","background-media":"","overlay-type":"","overlay-color":"","overlay-opacity":"","overlay-gradient":""}},"_joinchat":[],"footnotes":""},"class_list":["post-522","page","type-page","status-publish","hentry"],"_links":{"self":[{"href":"https:\/\/www.gamancatering.com\/index.php?rest_route=\/wp\/v2\/pages\/522","targetHints":{"allow":["GET"]}}],"collection":[{"href":"https:\/\/www.gamancatering.com\/index.php?rest_route=\/wp\/v2\/pages"}],"about":[{"href":"https:\/\/www.gamancatering.com\/index.php?rest_route=\/wp\/v2\/types\/page"}],"author":[{"embeddable":true,"href":"https:\/\/www.gamancatering.com\/index.php?rest_route=\/wp\/v2\/users\/1"}],"replies":[{"embeddable":true,"href":"https:\/\/www.gamancatering.com\/index.php?rest_route=%2Fwp%2Fv2%2Fcomments&post=522"}],"version-history":[{"count":1,"href":"https:\/\/www.gamancatering.com\/index.php?rest_route=\/wp\/v2\/pages\/522\/revisions"}],"predecessor-version":[{"id":523,"href":"https:\/\/www.gamancatering.com\/index.php?rest_route=\/wp\/v2\/pages\/522\/revisions\/523"}],"wp:attachment":[{"href":"https:\/\/www.gamancatering.com\/index.php?rest_route=%2Fwp%2Fv2%2Fmedia&parent=522"}],"curies":[{"name":"wp","href":"https:\/\/api.w.org\/{rel}","templated":true}]}}