{"id":551,"date":"2023-09-05T11:33:19","date_gmt":"2023-09-05T11:33:19","guid":{"rendered":"https:\/\/www.gamancatering.com\/?page_id=551"},"modified":"2023-09-05T11:33:19","modified_gmt":"2023-09-05T11:33:19","slug":"politica-de-privacidad-completa","status":"publish","type":"page","link":"https:\/\/www.gamancatering.com\/?page_id=551","title":{"rendered":"Pol\u00edtica de privacidad \u00abcompleta\u00bb"},"content":{"rendered":"\n<p>Los datos personales recabados a trav\u00e9s de la web gamancatering.com, o que voluntariamente el usuario facilite a trav\u00e9s de formularios electr\u00f3nicos y\/o mediante correo electr\u00f3nico ser\u00e1n tratados de conformidad con lo dispuesto en la normativa vigente en materia de protecci\u00f3n de datos de car\u00e1cter personal, en cumplimiento de la cual se facilita la siguiente informaci\u00f3n del tratamiento:<\/p>\n\n\n\n<p><strong>Responsable del tratamiento:<\/strong><strong><\/strong><\/p>\n\n\n\n<p>La entidad responsable del tratamiento de los datos es la siguiente:<\/p>\n\n\n\n<figure class=\"wp-block-table\"><table><tbody><tr><td><strong>Denominaci\u00f3n:<\/strong><\/td><td>Gaman Sushi S.L.<\/td><\/tr><tr><td><strong>NIF:<\/strong><\/td><td>B44840197<\/td><\/tr><tr><td><strong>Domicilio:<\/strong><\/td><td>Plaza Roma n\u00ba 1 1\u00ba A<br>41089 Dos Hermanas\u2013 Sevilla<\/td><\/tr><\/tbody><\/table><\/figure>\n\n\n\n<p><strong>Fines del tratamiento:<\/strong><strong><\/strong><\/p>\n\n\n\n<p>En concreto podemos tratar los datos de los usuarios de la web en los siguientes casos:<\/p>\n\n\n\n<ul class=\"wp-block-list\">\n<li><strong>Formularios de contacto<\/strong><br>Los datos solicitados a trav\u00e9s del formulario de contacto son los estrictamente necesarios para la correcta identificaci\u00f3n del remitente, de forma que nos permita llevar a cabo tareas b\u00e1sicas para la correcta respuesta a la solicitud que nos hagas.<br>La licitud de este tratamiento viene determinada bien por el consentimiento manifestado mediante el env\u00edo del formulario, o por ser necesario para la ejecuci\u00f3n de un contrato o para la aplicaci\u00f3n de medidas precontractuales;<\/li>\n\n\n\n<li><strong>Solicitud de presupuesto<\/strong><br>Los datos solicitados a trav\u00e9s del formulario de solicitud de presupuesto son los estrictamente necesarios para la correcta identificaci\u00f3n del remitente y la adecuada elaboraci\u00f3n de un presupuesto que se ajuste a las necesidades del solicitante, de forma que podamos dar respuesta a la solicitud que nos haces.<br>A trav\u00e9s del contacto de env\u00edo y en lo relativo a la solicitud del presupuesto, los solicitantes prestan su consentimiento para el tratamiento de datos de mail y tel\u00e9fono con la finalidad de llevar a cabo acciones de remarketing.<br>La licitud de este tratamiento viene determinada bien por el consentimiento manifestado mediante el env\u00edo del formulario, y por ser necesario para la aplicaci\u00f3n de medidas precontractuales<\/li>\n\n\n\n<li><strong>Redes Sociales<\/strong><br>Gaman Sushi S.L. mantiene perfiles en las principales redes sociales, como Facebook, Instagram, si eres seguidor nuestro en estos servicios tendremos acceso a los datos personales que hayas compartido en las mismas.<br>No utilizamos estos datos para ninguna otra finalidad que la de mantener actualizados nuestros perfiles, y publicar informaci\u00f3n sobre nuestros servicios y actividades. La licitud de este tratamiento viene determinada por el consentimiento manifestado a trav\u00e9s de la propia red social de la que se trate y limitado a las normas de uso de \u00e9sta.<\/li>\n\n\n\n<li><strong>Comentarios en el blog.<\/strong><br>Nuestro blog permite el env\u00edo de comentarios por parte de los visitantes de la web, los comentarios est\u00e1n sujetos a moderaci\u00f3n. Para poder hacer un comentario pedimos un nombre y un correo electr\u00f3nico, estos datos se tratan con la finalidad de gestionar las comunicaciones realizadas a trav\u00e9s de este blog, el nombre que nos facilites ser\u00e1 publicado junto con el comentario, pero no la direcci\u00f3n de email. El servicio de publicaci\u00f3n de comentarios est\u00e1 soportado por WordPress, si quieres puedes consultar su pol\u00edtica de privacidad.<br>La licitud de este tratamiento viene determinada bien por el consentimiento manifestado mediante el env\u00edo de cada comentario.<br>El tratamiento por parte de WordPress de los datos para la realizaci\u00f3n de comentarios podr\u00eda suponer su transmisi\u00f3n a un pa\u00eds tercero, fuero de la UE o del Espacio Econ\u00f3mico Europeo (EEE). WordPress ha ofrecido garant\u00edas adecuadas para este tratamiento mediante su adscripci\u00f3n al EU-U.S. and Swiss-U.S. Privacy Shield Frameworks.<br>Puede consultar la pol\u00edtica de privacidad de WordPress para m\u00e1s informaci\u00f3n:&nbsp;<a href=\"http:\/\/wordpress.org\/about\/privacy\/\" target=\"_blank\" rel=\"noreferrer noopener\">http:\/\/wordpress.org\/about\/privacy\/<\/a>,&nbsp;<a href=\"https:\/\/automattic.com\/privacy\/\" target=\"_blank\" rel=\"noreferrer noopener\">https:\/\/automattic.com\/privacy\/<\/a>&nbsp;.<br>Puede consultar la informaci\u00f3n relativa al Privacy Shield Framework en los siguientes enlaces:&nbsp;<a href=\"https:\/\/www.privacyshield.gov\/\" target=\"_blank\" rel=\"noreferrer noopener\">https:\/\/www.privacyshield.gov\/<\/a>,&nbsp;<a href=\"https:\/\/www.privacyshield.gov\/participant?id=a2zt0000000CbqcAAC&amp;status=Active\" target=\"_blank\" rel=\"noreferrer noopener\">https:\/\/www.privacyshield.gov\/participant?id=a2zt0000000CbqcAAC&amp;status=Active<\/a><\/li>\n<\/ul>\n\n\n\n<p><strong>Uso de cookies.<\/strong><strong><\/strong><\/p>\n\n\n\n<p>Utilizamos cookies en nuestro sitio web, para poder proporcionar una mejor experiencia de usuario y para hacer mejoras en nuestro sitio. Para m\u00e1s informaci\u00f3n sobre el uso de cookies y sobre c\u00f3mo evitarlos, puede consultar nuestra pol\u00edtica de cookies, disponible en&nbsp;<a href=\"javascript:;\">Pol\u00edtica de Cookies<\/a><\/p>\n\n\n\n<p><strong>Destinatarios o categor\u00edas de destinatarios<\/strong><strong><\/strong><\/p>\n\n\n\n<p>Los datos que nos comuniques a trav\u00e9s de los formularios de contacto no ser\u00e1n comunicados a terceros, salvo cuando existiese obligaci\u00f3n legal de hacerlo.<\/p>\n\n\n\n<p><strong>Plazo de conservaci\u00f3n de los datos:<\/strong><strong><\/strong><\/p>\n\n\n\n<p>Los datos se conservar\u00e1n mientras sea necesario para dar respuesta a la solicitud, y, en caso de solicitudes de presupuesto, durante el plazo de validez del presupuesto, posteriormente los datos podr\u00e1n ser conservados a efectos de registro por el plazo de prescripci\u00f3n de la posible responsabilidad de la empresa.<\/p>\n\n\n\n<p><strong>Derechos del Usuario:<\/strong><strong><\/strong><\/p>\n\n\n\n<p>Cualquier persona tiene derecho a obtener confirmaci\u00f3n sobre si Gaman Sushi S.L. est\u00e1&nbsp;tratando datos personales que le conciernan.<\/p>\n\n\n\n<p>Los interesados tienen derecho a acceder a sus datos personales, a solicitar la rectificaci\u00f3n de los datos inexactos o, a solicitar la supresi\u00f3n de los datos cuando, entre otros motivos, los datos ya no sean necesarios para los fines que fueron recogidos.<\/p>\n\n\n\n<p>En determinadas circunstancias, los interesados podr\u00e1n solicitar la limitaci\u00f3n del tratamiento de sus datos, en cuyo caso \u00fanicamente los conservaremos para el ejercicio o la defensa de reclamaciones.<\/p>\n\n\n\n<p>En determinadas circunstancias y por motivos relacionados con su situaci\u00f3n particular, los interesados podr\u00e1n oponerse al tratamiento de sus datos. En caso de que proceda, Gaman Sushi S.L. dejar\u00e1 de tratar los datos, salvo por motivos leg\u00edtimos como el cumplimiento de las funciones u obligaciones legalmente establecidas, o el ejercicio o la defensa de posibles reclamaciones.<\/p>\n\n\n\n<p>Asimismo, cuando el tratamiento est\u00e9 basado en el consentimiento del interesado, \u00e9ste tiene el derecho a retirar el consentimiento en cualquier momento.<\/p>\n\n\n\n<p>El interesado tiene derecho a presentar una reclamaci\u00f3n ante la autoridad de control (Agencia Espa\u00f1ola de Protecci\u00f3n de Datos: www.agpd.es) si considera que el tratamiento no se ajusta a la normativa vigente.<\/p>\n\n\n\n<p><strong>Datos de terceros<\/strong><strong><\/strong><\/p>\n\n\n\n<p>Si usted facilita datos de terceros, asume la responsabilidad de informarles previamente de todo lo previsto en nuestra pol\u00edtica de privacidad y obtener, en su caso, el consentimiento del interesado para la comunicaci\u00f3n de sus datos a Gaman Sushi S.L.<\/p>\n","protected":false},"excerpt":{"rendered":"<p>Los datos personales recabados a trav\u00e9s de la web gamancatering.com, o que voluntariamente el usuario facilite a trav\u00e9s de formularios electr\u00f3nicos y\/o mediante correo electr\u00f3nico ser\u00e1n tratados de conformidad con lo dispuesto en la normativa vigente en materia de protecci\u00f3n de datos de car\u00e1cter personal, en cumplimiento de la cual se facilita la siguiente informaci\u00f3n [&hellip;]<\/p>\n","protected":false},"author":1,"featured_media":0,"parent":0,"menu_order":0,"comment_status":"closed","ping_status":"closed","template":"","meta":{"_coblocks_attr":"","_coblocks_dimensions":"","_coblocks_responsive_height":"","_coblocks_accordion_ie_support":"","site-sidebar-layout":"default","site-content-layout":"","ast-site-content-layout":"default","site-content-style":"default","site-sidebar-style":"default","ast-global-header-display":"","ast-banner-title-visibility":"","ast-main-header-display":"","ast-hfb-above-header-display":"","ast-hfb-below-header-display":"","ast-hfb-mobile-header-display":"","site-post-title":"disabled","ast-breadcrumbs-content":"","ast-featured-img":"","footer-sml-layout":"","ast-disable-related-posts":"","theme-transparent-header-meta":"","adv-header-id-meta":"","stick-header-meta":"","header-above-stick-meta":"","header-main-stick-meta":"","header-below-stick-meta":"","astra-migrate-meta-layouts":"set","ast-page-background-enabled":"default","ast-page-background-meta":{"desktop":{"background-color":"var(--ast-global-color-4)","background-image":"","background-repeat":"repeat","background-position":"center center","background-size":"auto","background-attachment":"scroll","background-type":"","background-media":"","overlay-type":"","overlay-color":"","overlay-opacity":"","overlay-gradient":""},"tablet":{"background-color":"","background-image":"","background-repeat":"repeat","background-position":"center center","background-size":"auto","background-attachment":"scroll","background-type":"","background-media":"","overlay-type":"","overlay-color":"","overlay-opacity":"","overlay-gradient":""},"mobile":{"background-color":"","background-image":"","background-repeat":"repeat","background-position":"center center","background-size":"auto","background-attachment":"scroll","background-type":"","background-media":"","overlay-type":"","overlay-color":"","overlay-opacity":"","overlay-gradient":""}},"ast-content-background-meta":{"desktop":{"background-color":"var(--ast-global-color-5)","background-image":"","background-repeat":"repeat","background-position":"center center","background-size":"auto","background-attachment":"scroll","background-type":"","background-media":"","overlay-type":"","overlay-color":"","overlay-opacity":"","overlay-gradient":""},"tablet":{"background-color":"var(--ast-global-color-5)","background-image":"","background-repeat":"repeat","background-position":"center center","background-size":"auto","background-attachment":"scroll","background-type":"","background-media":"","overlay-type":"","overlay-color":"","overlay-opacity":"","overlay-gradient":""},"mobile":{"background-color":"var(--ast-global-color-5)","background-image":"","background-repeat":"repeat","background-position":"center center","background-size":"auto","background-attachment":"scroll","background-type":"","background-media":"","overlay-type":"","overlay-color":"","overlay-opacity":"","overlay-gradient":""}},"_joinchat":[],"footnotes":""},"class_list":["post-551","page","type-page","status-publish","hentry"],"_links":{"self":[{"href":"https:\/\/www.gamancatering.com\/index.php?rest_route=\/wp\/v2\/pages\/551","targetHints":{"allow":["GET"]}}],"collection":[{"href":"https:\/\/www.gamancatering.com\/index.php?rest_route=\/wp\/v2\/pages"}],"about":[{"href":"https:\/\/www.gamancatering.com\/index.php?rest_route=\/wp\/v2\/types\/page"}],"author":[{"embeddable":true,"href":"https:\/\/www.gamancatering.com\/index.php?rest_route=\/wp\/v2\/users\/1"}],"replies":[{"embeddable":true,"href":"https:\/\/www.gamancatering.com\/index.php?rest_route=%2Fwp%2Fv2%2Fcomments&post=551"}],"version-history":[{"count":1,"href":"https:\/\/www.gamancatering.com\/index.php?rest_route=\/wp\/v2\/pages\/551\/revisions"}],"predecessor-version":[{"id":552,"href":"https:\/\/www.gamancatering.com\/index.php?rest_route=\/wp\/v2\/pages\/551\/revisions\/552"}],"wp:attachment":[{"href":"https:\/\/www.gamancatering.com\/index.php?rest_route=%2Fwp%2Fv2%2Fmedia&parent=551"}],"curies":[{"name":"wp","href":"https:\/\/api.w.org\/{rel}","templated":true}]}}